{"id":95,"date":"2015-03-25T02:29:48","date_gmt":"2015-03-25T01:29:48","guid":{"rendered":"http:\/\/nilzen.org\/hytteblog\/?page_id=95"},"modified":"2015-04-19T01:08:17","modified_gmt":"2015-04-18T23:08:17","slug":"dokumenter","status":"publish","type":"page","link":"http:\/\/nilzen.org\/hytteblog\/dokumenter\/","title":{"rendered":"Tegninger"},"content":{"rendered":"<body><p>Diverse 3d tegninger til p\u00e5bygget. Klikk p\u00e5 lenkene for \u00e5 laste ned.<\/p>\n<p><a href=\"http:\/\/nilzen.org\/hytteblog\/wp-content\/uploads\/2015\/03\/hytte-utvendig.zip\">hytte-utvendig<\/a> 3d tegning. Krever Sketchup for \u00e5 \u00e5pne.<\/p>\n<p><a href=\"http:\/\/nilzen.org\/hytteblog\/wp-content\/uploads\/2015\/03\/hytte-med-terreng.zip\">hytte-med-terreng<\/a> 3d tegning. Krever Sketchup for \u00e5 \u00e5pne.<\/p>\n<p><a href=\"http:\/\/nilzen.org\/hytteblog\/wp-content\/uploads\/2015\/03\/hytte-planl%C3%B8sning.zip\">hytte-planl\u00f8sning<\/a> 3d tegning. Krever Sketchup for \u00e5 \u00e5pne.<\/p>\n<p><a href=\"http:\/\/nilzen.org\/hytteblog\/wp-content\/uploads\/2015\/03\/Reisverk_35_ferdig_monocolor.zip\">Reisverk_35_ferdig_monocolor<\/a> 3d tegning. Krever Sketchup for \u00e5 \u00e5pne.<\/p>\n<p>Sketchup er et gratis 3d program som er enkelt (for \u00e5 v\u00e6re ett 3d program) \u00e5 bruke. Se Sketchup.com for info og nedlasting<\/p>\n<\/body>","protected":false},"excerpt":{"rendered":"<p>Diverse 3d tegninger til p\u00e5bygget. Klikk p\u00e5 lenkene for \u00e5 laste ned. hytte-utvendig 3d tegning. Krever Sketchup for \u00e5 \u00e5pne. hytte-med-terreng 3d tegning. Krever Sketchup for \u00e5 \u00e5pne. hytte-planl\u00f8sning 3d tegning. Krever Sketchup for \u00e5 \u00e5pne. Reisverk_35_ferdig_monocolor 3d tegning. Krever Sketchup for \u00e5 \u00e5pne. Sketchup er et gratis 3d program som er enkelt (for \u00e5 &hellip; <a href=\"http:\/\/nilzen.org\/hytteblog\/dokumenter\/\" class=\"more-link\">Continue reading <span class=\"screen-reader-text\">Tegninger<\/span><\/a><\/p>\n","protected":false},"author":1,"featured_media":0,"parent":0,"menu_order":0,"comment_status":"closed","ping_status":"closed","template":"","meta":{"footnotes":""},"class_list":["post-95","page","type-page","status-publish","hentry"],"jetpack_sharing_enabled":true,"jetpack_shortlink":"https:\/\/wp.me\/P5VBg3-1x","_links":{"self":[{"href":"http:\/\/nilzen.org\/hytteblog\/wp-json\/wp\/v2\/pages\/95","targetHints":{"allow":["GET"]}}],"collection":[{"href":"http:\/\/nilzen.org\/hytteblog\/wp-json\/wp\/v2\/pages"}],"about":[{"href":"http:\/\/nilzen.org\/hytteblog\/wp-json\/wp\/v2\/types\/page"}],"author":[{"embeddable":true,"href":"http:\/\/nilzen.org\/hytteblog\/wp-json\/wp\/v2\/users\/1"}],"replies":[{"embeddable":true,"href":"http:\/\/nilzen.org\/hytteblog\/wp-json\/wp\/v2\/comments?post=95"}],"version-history":[{"count":1,"href":"http:\/\/nilzen.org\/hytteblog\/wp-json\/wp\/v2\/pages\/95\/revisions"}],"predecessor-version":[{"id":246,"href":"http:\/\/nilzen.org\/hytteblog\/wp-json\/wp\/v2\/pages\/95\/revisions\/246"}],"wp:attachment":[{"href":"http:\/\/nilzen.org\/hytteblog\/wp-json\/wp\/v2\/media?parent=95"}],"curies":[{"name":"wp","href":"https:\/\/api.w.org\/{rel}","templated":true}]}}